{"id":5451,"date":"2025-12-22T05:07:22","date_gmt":"2025-12-22T05:07:22","guid":{"rendered":"https:\/\/hospitalitydiveco.com\/?post_type=product&#038;p=5451"},"modified":"2026-02-19T03:13:37","modified_gmt":"2026-02-19T03:13:37","slug":"topper-matress","status":"publish","type":"product","link":"https:\/\/hospitalitydiveco.com\/es\/product\/topper-matress\/","title":{"rendered":"Topper Matress &#8211; Serta"},"content":{"rendered":"<p data-start=\"1263\" data-end=\"1285\"><strong>Medidas disponibles<\/strong><\/p>\r\n\r\n<ul>\r\n \t<li data-start=\"1289\" data-end=\"1323\"><strong data-start=\"1289\" data-end=\"1298\">Full:<\/strong> 55 1\/2\u201d x 75 1\/2\u201d x 3\u201d<\/li>\r\n \t<li data-start=\"1289\" data-end=\"1323\"><strong data-start=\"1326\" data-end=\"1336\">Queen:<\/strong> 60\u201d x 78\u201d x 3\u201d\r\n<strong data-start=\"1356\" data-end=\"1365\"><\/strong><\/li>\r\n \t<li data-start=\"1289\" data-end=\"1323\"><strong data-start=\"1356\" data-end=\"1365\">King:<\/strong> 76\u201d x 78\u201d x 3\u201d<\/li>\r\n<\/ul>\r\n<p data-start=\"1389\" data-end=\"1400\"><strong>Garant\u00eda<\/strong><\/p>\r\n\r\n<ul data-start=\"1401\" data-end=\"1425\">\r\n \t<li data-start=\"1401\" data-end=\"1425\">\r\n<p data-start=\"1403\" data-end=\"1425\">3 a\u00f1os de garant\u00eda<\/p>\r\n<\/li>\r\n<\/ul>","protected":false},"excerpt":{"rendered":"<p>Topper dise\u00f1ado para incrementar el confort del colch\u00f3n sin alterar la estructura de la cama, ideal para uso hotelero. Su dise\u00f1o permite mejorar la experiencia de descanso y optimizar el espacio y tama\u00f1o de las camas existentes.<\/p>\n<p><strong>Mayor confort inmediato<\/strong><br \/>\nAporta una capa adicional de suavidad, mejorando la sensaci\u00f3n de descanso sobre el colch\u00f3n.<\/p>\n<p data-start=\"676\" data-end=\"714\"><strong>Materiales para tr\u00e1fico hotelero<\/strong><br \/>\nFabricado con finas telas importadas, dise\u00f1adas espec\u00edficamente para soportar el uso continuo en entornos Hospitality.<\/p>\n<p data-start=\"839\" data-end=\"866\"><strong>Seguridad certificada<\/strong><br \/>\nTela resistente a las llamas durante un per\u00edodo de hasta 10 minutos, cumpliendo con los est\u00e1ndares norteamericanos de flamabilidad. Incluye tratamiento Fire Retardant hipoalerg\u00e9nico.<\/p>\n<p data-start=\"1069\" data-end=\"1095\"><strong>Pr\u00e1ctico y funcional<\/strong><br \/>\nDise\u00f1o enrollable, f\u00e1cil de transportar, almacenar e instalar.<\/p>\n","protected":false},"featured_media":5652,"template":"","meta":[],"product_brand":[],"product_cat":[43],"product_tag":[],"class_list":{"0":"post-5451","1":"product","2":"type-product","3":"status-publish","4":"has-post-thumbnail","6":"product_cat-hospitality","8":"first","9":"instock","10":"virtual","11":"product-type-simple"},"_links":{"self":[{"href":"https:\/\/hospitalitydiveco.com\/es\/wp-json\/wp\/v2\/product\/5451","targetHints":{"allow":["GET"]}}],"collection":[{"href":"https:\/\/hospitalitydiveco.com\/es\/wp-json\/wp\/v2\/product"}],"about":[{"href":"https:\/\/hospitalitydiveco.com\/es\/wp-json\/wp\/v2\/types\/product"}],"wp:featuredmedia":[{"embeddable":true,"href":"https:\/\/hospitalitydiveco.com\/es\/wp-json\/wp\/v2\/media\/5652"}],"wp:attachment":[{"href":"https:\/\/hospitalitydiveco.com\/es\/wp-json\/wp\/v2\/media?parent=5451"}],"wp:term":[{"taxonomy":"product_brand","embeddable":true,"href":"https:\/\/hospitalitydiveco.com\/es\/wp-json\/wp\/v2\/product_brand?post=5451"},{"taxonomy":"product_cat","embeddable":true,"href":"https:\/\/hospitalitydiveco.com\/es\/wp-json\/wp\/v2\/product_cat?post=5451"},{"taxonomy":"product_tag","embeddable":true,"href":"https:\/\/hospitalitydiveco.com\/es\/wp-json\/wp\/v2\/product_tag?post=5451"}],"curies":[{"name":"wp","href":"https:\/\/api.w.org\/{rel}","templated":true}]}}