{"id":5446,"date":"2025-12-22T05:05:58","date_gmt":"2025-12-22T05:05:58","guid":{"rendered":"https:\/\/hospitalitydiveco.com\/?post_type=product&#038;p=5446"},"modified":"2026-02-19T03:14:02","modified_gmt":"2026-02-19T03:14:02","slug":"patas-biconicas","status":"publish","type":"product","link":"https:\/\/hospitalitydiveco.com\/es\/product\/patas-biconicas\/","title":{"rendered":"Patas Bic\u00f3nicas"},"content":{"rendered":"<strong>Colores disponibles:<\/strong>\r\n<ul>\r\n \t<li data-start=\"645\" data-end=\"651\">Caf\u00e9s<\/li>\r\n \t<li data-start=\"645\" data-end=\"651\">Grises<\/li>\r\n<\/ul>\r\n<strong>Caracter\u00edsticas:<\/strong>\r\n<ul>\r\n \t<li data-start=\"503\" data-end=\"532\"><strong data-start=\"503\" data-end=\"516\">Material:<\/strong> Polipropileno<\/li>\r\n \t<li data-start=\"503\" data-end=\"532\"><strong data-start=\"535\" data-end=\"546\">Dise\u00f1o:<\/strong> Bic\u00f3nico<\/li>\r\n \t<li data-start=\"503\" data-end=\"532\"><strong data-start=\"560\" data-end=\"571\">Altura:<\/strong> 15 cm<\/li>\r\n<\/ul>\r\n<strong>Ensamble completo:<\/strong>\r\n<ul>\r\n \t<li data-start=\"645\" data-end=\"651\">Tapa<\/li>\r\n \t<li data-start=\"645\" data-end=\"651\">Pata<\/li>\r\n \t<li data-start=\"645\" data-end=\"651\">Tornillo<\/li>\r\n<\/ul>","protected":false},"excerpt":{"rendered":"<p>Patas de cama fabricadas en polipropileno, dise\u00f1adas para brindar estabilidad y soporte a la base de la cama. Su dise\u00f1o bic\u00f3nico aporta una apariencia limpia y funcional, ideal para entornos Hospitality y residenciales.<\/p>\n","protected":false},"featured_media":5638,"template":"","meta":[],"product_brand":[],"product_cat":[43],"product_tag":[],"class_list":{"0":"post-5446","1":"product","2":"type-product","3":"status-publish","4":"has-post-thumbnail","6":"product_cat-hospitality","8":"first","9":"instock","10":"virtual","11":"product-type-simple"},"_links":{"self":[{"href":"https:\/\/hospitalitydiveco.com\/es\/wp-json\/wp\/v2\/product\/5446","targetHints":{"allow":["GET"]}}],"collection":[{"href":"https:\/\/hospitalitydiveco.com\/es\/wp-json\/wp\/v2\/product"}],"about":[{"href":"https:\/\/hospitalitydiveco.com\/es\/wp-json\/wp\/v2\/types\/product"}],"wp:featuredmedia":[{"embeddable":true,"href":"https:\/\/hospitalitydiveco.com\/es\/wp-json\/wp\/v2\/media\/5638"}],"wp:attachment":[{"href":"https:\/\/hospitalitydiveco.com\/es\/wp-json\/wp\/v2\/media?parent=5446"}],"wp:term":[{"taxonomy":"product_brand","embeddable":true,"href":"https:\/\/hospitalitydiveco.com\/es\/wp-json\/wp\/v2\/product_brand?post=5446"},{"taxonomy":"product_cat","embeddable":true,"href":"https:\/\/hospitalitydiveco.com\/es\/wp-json\/wp\/v2\/product_cat?post=5446"},{"taxonomy":"product_tag","embeddable":true,"href":"https:\/\/hospitalitydiveco.com\/es\/wp-json\/wp\/v2\/product_tag?post=5446"}],"curies":[{"name":"wp","href":"https:\/\/api.w.org\/{rel}","templated":true}]}}