{"id":5445,"date":"2025-12-22T05:04:54","date_gmt":"2025-12-22T05:04:54","guid":{"rendered":"https:\/\/hospitalitydiveco.com\/?post_type=product&#038;p=5445"},"modified":"2026-02-19T03:14:07","modified_gmt":"2026-02-19T03:14:07","slug":"protector-cotton-quilted","status":"publish","type":"product","link":"https:\/\/hospitalitydiveco.com\/es\/product\/protector-cotton-quilted\/","title":{"rendered":"Protector Cotton Quilted"},"content":{"rendered":"<p data-start=\"1476\" data-end=\"1495\"><strong data-start=\"1476\" data-end=\"1487\">Medidas disponibles:\r\n<\/strong><\/p>\r\n\r\n<ul>\r\n \t<li data-start=\"978\" data-end=\"984\">Twin<\/li>\r\n \t<li data-start=\"978\" data-end=\"984\">Full<\/li>\r\n \t<li data-start=\"978\" data-end=\"984\">Queen<\/li>\r\n \t<li data-start=\"978\" data-end=\"984\">King<\/li>\r\n<\/ul>","protected":false},"excerpt":{"rendered":"<p data-start=\"260\" data-end=\"296\"><strong>Protecci\u00f3n natural al contacto<\/strong><br \/>\nFabricado en 100% algod\u00f3n, suave y agradable al tacto, ideal para cuidar el colch\u00f3n sin alterar la sensaci\u00f3n de descanso.<\/p>\n<p data-start=\"424\" data-end=\"459\"><strong>Barrera impermeable confiable<\/strong><br \/>\nCuenta con capa impermeable que ayuda a proteger el colch\u00f3n contra l\u00edquidos, manchas y humedad, prolongando su vida \u00fatil.<\/p>\n<p data-start=\"587\" data-end=\"612\"><strong>Acolchado funcional<\/strong><br \/>\nRelleno de poli\u00e9ster de 150 GCM, que aporta una ligera capa de confort y protecci\u00f3n adicional sin aumentar el volumen del colch\u00f3n.<\/p>\n","protected":false},"featured_media":5635,"template":"","meta":[],"product_brand":[],"product_cat":[43],"product_tag":[],"class_list":{"0":"post-5445","1":"product","2":"type-product","3":"status-publish","4":"has-post-thumbnail","6":"product_cat-hospitality","8":"first","9":"instock","10":"virtual","11":"product-type-simple"},"_links":{"self":[{"href":"https:\/\/hospitalitydiveco.com\/es\/wp-json\/wp\/v2\/product\/5445","targetHints":{"allow":["GET"]}}],"collection":[{"href":"https:\/\/hospitalitydiveco.com\/es\/wp-json\/wp\/v2\/product"}],"about":[{"href":"https:\/\/hospitalitydiveco.com\/es\/wp-json\/wp\/v2\/types\/product"}],"wp:featuredmedia":[{"embeddable":true,"href":"https:\/\/hospitalitydiveco.com\/es\/wp-json\/wp\/v2\/media\/5635"}],"wp:attachment":[{"href":"https:\/\/hospitalitydiveco.com\/es\/wp-json\/wp\/v2\/media?parent=5445"}],"wp:term":[{"taxonomy":"product_brand","embeddable":true,"href":"https:\/\/hospitalitydiveco.com\/es\/wp-json\/wp\/v2\/product_brand?post=5445"},{"taxonomy":"product_cat","embeddable":true,"href":"https:\/\/hospitalitydiveco.com\/es\/wp-json\/wp\/v2\/product_cat?post=5445"},{"taxonomy":"product_tag","embeddable":true,"href":"https:\/\/hospitalitydiveco.com\/es\/wp-json\/wp\/v2\/product_tag?post=5445"}],"curies":[{"name":"wp","href":"https:\/\/api.w.org\/{rel}","templated":true}]}}