{"id":5443,"date":"2025-12-22T05:03:27","date_gmt":"2025-12-22T05:03:27","guid":{"rendered":"https:\/\/hospitalitydiveco.com\/?post_type=product&#038;p=5443"},"modified":"2026-02-19T03:14:22","modified_gmt":"2026-02-19T03:14:22","slug":"almohadas-classic-cotton","status":"publish","type":"product","link":"https:\/\/hospitalitydiveco.com\/es\/product\/almohadas-classic-cotton\/","title":{"rendered":"Almohadas Classic Cotton"},"content":{"rendered":"<strong data-start=\"1339\" data-end=\"1363\">Medidas disponibles:<\/strong>\r\n<ul data-start=\"1182\" data-end=\"1337\">\r\n \t<li data-start=\"1182\" data-end=\"1209\">\r\n<p data-start=\"1184\" data-end=\"1209\"><strong data-start=\"1184\" data-end=\"1194\">Funda:<\/strong> 100% algod\u00f3n<\/p>\r\n<\/li>\r\n \t<li data-start=\"1210\" data-end=\"1252\">\r\n<p data-start=\"1212\" data-end=\"1252\"><strong data-start=\"1212\" data-end=\"1224\">Relleno:<\/strong> Poli\u00e9ster High Resilience<\/p>\r\n<\/li>\r\n \t<li data-start=\"1253\" data-end=\"1280\">\r\n<p data-start=\"1255\" data-end=\"1280\"><strong data-start=\"1255\" data-end=\"1270\">Tecnolog\u00eda:<\/strong> Cooling<\/p>\r\n<\/li>\r\n \t<li data-start=\"1281\" data-end=\"1303\">\r\n<p data-start=\"1283\" data-end=\"1303\"><strong data-start=\"1283\" data-end=\"1295\">Confort:<\/strong> Medio<\/p>\r\n<\/li>\r\n \t<li data-start=\"1304\" data-end=\"1337\">\r\n<p data-start=\"1306\" data-end=\"1337\"><strong data-start=\"1306\" data-end=\"1314\">Uso:<\/strong> Diario \/ Hospitality<\/p>\r\n<\/li>\r\n<\/ul>\r\n<p data-start=\"1339\" data-end=\"1365\"><strong data-start=\"1339\" data-end=\"1363\">Medidas disponibles:<\/strong><\/p>\r\n\r\n<ul data-start=\"1366\" data-end=\"1412\">\r\n \t<li data-start=\"1366\" data-end=\"1390\">\r\n<p data-start=\"1368\" data-end=\"1390\">Est\u00e1ndar: 51 x 66 cm<\/p>\r\n<\/li>\r\n \t<li data-start=\"1391\" data-end=\"1412\">\r\n<p data-start=\"1393\" data-end=\"1412\">Queen: 51 x 76 cm<\/p>\r\n<\/li>\r\n<\/ul>\r\n<p data-start=\"1414\" data-end=\"1436\"><strong data-start=\"1414\" data-end=\"1434\">Peso de relleno:<\/strong><\/p>\r\n\r\n<ul data-start=\"1437\" data-end=\"1473\">\r\n \t<li data-start=\"1437\" data-end=\"1456\">\r\n<p data-start=\"1439\" data-end=\"1456\">Est\u00e1ndar: 700 g<\/p>\r\n<\/li>\r\n \t<li data-start=\"1457\" data-end=\"1473\">\r\n<p data-start=\"1459\" data-end=\"1473\">Queen: 800 g<\/p>\r\n<\/li>\r\n<\/ul>","protected":false},"excerpt":{"rendered":"<p data-start=\"646\" data-end=\"680\"><strong>Suavidad natural al contacto<\/strong><br \/>\nFunda 100% algod\u00f3n, transpirable y agradable al tacto, que favorece una sensaci\u00f3n de frescura durante toda la noche.<\/p>\n<p data-start=\"803\" data-end=\"828\"><strong>Frescura controlada<br \/>\n<\/strong>300 gramos de fibra con Tecnolog\u00eda Cooling, dise\u00f1ada para ayudar a regular la temperatura y mantener una sensaci\u00f3n t\u00e9rmica m\u00e1s fresca al dormir.<\/p>\n<p data-start=\"979\" data-end=\"1014\"><strong>Confort que recupera su forma<\/strong><br \/>\nRelleno de poli\u00e9ster 100% High Resilience, que brinda buen soporte, resistencia al uso y r\u00e1pida recuperaci\u00f3n de volumen.<\/p>\n","protected":false},"featured_media":5629,"template":"","meta":[],"product_brand":[],"product_cat":[43],"product_tag":[],"class_list":{"0":"post-5443","1":"product","2":"type-product","3":"status-publish","4":"has-post-thumbnail","6":"product_cat-hospitality","8":"first","9":"instock","10":"virtual","11":"product-type-simple"},"_links":{"self":[{"href":"https:\/\/hospitalitydiveco.com\/es\/wp-json\/wp\/v2\/product\/5443","targetHints":{"allow":["GET"]}}],"collection":[{"href":"https:\/\/hospitalitydiveco.com\/es\/wp-json\/wp\/v2\/product"}],"about":[{"href":"https:\/\/hospitalitydiveco.com\/es\/wp-json\/wp\/v2\/types\/product"}],"wp:featuredmedia":[{"embeddable":true,"href":"https:\/\/hospitalitydiveco.com\/es\/wp-json\/wp\/v2\/media\/5629"}],"wp:attachment":[{"href":"https:\/\/hospitalitydiveco.com\/es\/wp-json\/wp\/v2\/media?parent=5443"}],"wp:term":[{"taxonomy":"product_brand","embeddable":true,"href":"https:\/\/hospitalitydiveco.com\/es\/wp-json\/wp\/v2\/product_brand?post=5443"},{"taxonomy":"product_cat","embeddable":true,"href":"https:\/\/hospitalitydiveco.com\/es\/wp-json\/wp\/v2\/product_cat?post=5443"},{"taxonomy":"product_tag","embeddable":true,"href":"https:\/\/hospitalitydiveco.com\/es\/wp-json\/wp\/v2\/product_tag?post=5443"}],"curies":[{"name":"wp","href":"https:\/\/api.w.org\/{rel}","templated":true}]}}