{"id":5436,"date":"2025-12-22T05:00:03","date_gmt":"2025-12-22T05:00:03","guid":{"rendered":"https:\/\/hospitalitydiveco.com\/?post_type=product&#038;p=5436"},"modified":"2026-02-19T03:14:48","modified_gmt":"2026-02-19T03:14:48","slug":"luxor-aqa","status":"publish","type":"product","link":"https:\/\/hospitalitydiveco.com\/es\/product\/luxor-aqa\/","title":{"rendered":"Luxor AQA"},"content":{"rendered":"<ul>\r\n \t<li data-start=\"1114\" data-end=\"1135\">\r\n<p data-start=\"1116\" data-end=\"1135\"><strong data-start=\"1116\" data-end=\"1127\">Altura:<\/strong> 20 cm<\/p>\r\n<\/li>\r\n \t<li data-start=\"1136\" data-end=\"1187\">\r\n<p data-start=\"1138\" data-end=\"1187\"><strong data-start=\"1138\" data-end=\"1150\">Sistema:<\/strong> Espuma compactada de alta densidad<\/p>\r\n<\/li>\r\n \t<li data-start=\"1188\" data-end=\"1234\">\r\n<p data-start=\"1190\" data-end=\"1234\"><strong data-start=\"1190\" data-end=\"1205\">Estructura:<\/strong> Espuma firme Super Support<\/p>\r\n<\/li>\r\n \t<li data-start=\"1235\" data-end=\"1257\">\r\n<p data-start=\"1237\" data-end=\"1257\"><strong data-start=\"1237\" data-end=\"1249\">Confort:<\/strong> Firme<\/p>\r\n<\/li>\r\n \t<li data-start=\"1258\" data-end=\"1283\">\r\n<p data-start=\"1260\" data-end=\"1283\"><strong data-start=\"1260\" data-end=\"1268\">Uso:<\/strong> Un solo lado<\/p>\r\n<\/li>\r\n \t<li data-start=\"1284\" data-end=\"1307\">\r\n<p data-start=\"1286\" data-end=\"1307\"><strong data-start=\"1286\" data-end=\"1299\">Garant\u00eda:<\/strong> 1 a\u00f1o<\/p>\r\n<\/li>\r\n<\/ul>","protected":false},"excerpt":{"rendered":"<p data-start=\"576\" data-end=\"612\"><strong>Firmeza que protege la espalda<\/strong><br \/>\nEspuma compactada de alta densidad Super Support, dise\u00f1ada para ofrecer soporte firme y protecci\u00f3n lumbar durante el descanso.<\/p>\n<p data-start=\"745\" data-end=\"782\"><strong>Especializada para alto tr\u00e1fico<\/strong><br \/>\nModelo especializado, ideal para moteles y espacios donde se requiere resistencia, funcionalidad y f\u00e1cil mantenimiento.<\/p>\n<p data-start=\"908\" data-end=\"929\"><strong>Rotaci\u00f3n guiada<\/strong><br \/>\nIncluye sistema de etiquetas trimestrales, que gu\u00edan una adecuada rotaci\u00f3n para prolongar la vida \u00fatil del producto y conservar su forma.<\/p>\n","protected":false},"featured_media":5627,"template":"","meta":[],"product_brand":[],"product_cat":[42],"product_tag":[],"class_list":{"0":"post-5436","1":"product","2":"type-product","3":"status-publish","4":"has-post-thumbnail","6":"product_cat-luxor","8":"first","9":"instock","10":"virtual","11":"product-type-simple"},"_links":{"self":[{"href":"https:\/\/hospitalitydiveco.com\/es\/wp-json\/wp\/v2\/product\/5436","targetHints":{"allow":["GET"]}}],"collection":[{"href":"https:\/\/hospitalitydiveco.com\/es\/wp-json\/wp\/v2\/product"}],"about":[{"href":"https:\/\/hospitalitydiveco.com\/es\/wp-json\/wp\/v2\/types\/product"}],"wp:featuredmedia":[{"embeddable":true,"href":"https:\/\/hospitalitydiveco.com\/es\/wp-json\/wp\/v2\/media\/5627"}],"wp:attachment":[{"href":"https:\/\/hospitalitydiveco.com\/es\/wp-json\/wp\/v2\/media?parent=5436"}],"wp:term":[{"taxonomy":"product_brand","embeddable":true,"href":"https:\/\/hospitalitydiveco.com\/es\/wp-json\/wp\/v2\/product_brand?post=5436"},{"taxonomy":"product_cat","embeddable":true,"href":"https:\/\/hospitalitydiveco.com\/es\/wp-json\/wp\/v2\/product_cat?post=5436"},{"taxonomy":"product_tag","embeddable":true,"href":"https:\/\/hospitalitydiveco.com\/es\/wp-json\/wp\/v2\/product_tag?post=5436"}],"curies":[{"name":"wp","href":"https:\/\/api.w.org\/{rel}","templated":true}]}}