{"id":5434,"date":"2025-12-22T04:59:19","date_gmt":"2025-12-22T04:59:19","guid":{"rendered":"https:\/\/hospitalitydiveco.com\/?post_type=product&#038;p=5434"},"modified":"2026-02-19T03:15:05","modified_gmt":"2026-02-19T03:15:05","slug":"luxor-premium-firme","status":"publish","type":"product","link":"https:\/\/hospitalitydiveco.com\/es\/product\/luxor-premium-firme\/","title":{"rendered":"Luxor Premium Firme"},"content":{"rendered":"<ul>\r\n \t<li data-start=\"1347\" data-end=\"1368\">\r\n<p data-start=\"1349\" data-end=\"1368\"><strong data-start=\"1349\" data-end=\"1360\">Altura:<\/strong> 28 cm<\/p>\r\n<\/li>\r\n \t<li data-start=\"1369\" data-end=\"1408\">\r\n<p data-start=\"1371\" data-end=\"1408\"><strong data-start=\"1371\" data-end=\"1383\">Sistema:<\/strong> Resortaje Back Support<\/p>\r\n<\/li>\r\n \t<li data-start=\"1409\" data-end=\"1463\">\r\n<p data-start=\"1411\" data-end=\"1463\"><strong data-start=\"1411\" data-end=\"1426\">Estructura:<\/strong> Espuma compactada de alta densidad<\/p>\r\n<\/li>\r\n \t<li data-start=\"1464\" data-end=\"1486\">\r\n<p data-start=\"1466\" data-end=\"1486\"><strong data-start=\"1466\" data-end=\"1478\">Confort:<\/strong> Firme<\/p>\r\n<\/li>\r\n \t<li data-start=\"1487\" data-end=\"1510\">\r\n<p data-start=\"1489\" data-end=\"1510\"><strong data-start=\"1489\" data-end=\"1497\">Uso:<\/strong> Doble lado<\/p>\r\n<\/li>\r\n \t<li data-start=\"1511\" data-end=\"1535\">\r\n<p data-start=\"1513\" data-end=\"1535\"><strong data-start=\"1513\" data-end=\"1526\">Garant\u00eda:<\/strong> 8 a\u00f1os<\/p>\r\n<\/li>\r\n<\/ul>","protected":false},"excerpt":{"rendered":"<p data-start=\"662\" data-end=\"694\"><strong>Soporte postural confiable<\/strong><br \/>\nTecnolog\u00eda en resortaje Back Support, desarrollada para cuidar la postura del cuerpo y mantener una correcta alineaci\u00f3n al dormir.<\/p>\n<p data-start=\"831\" data-end=\"867\"><strong>Firmeza que protege la espalda<\/strong><br \/>\nEspuma compactada de alta densidad Super Support, que brinda una sensaci\u00f3n firme, estable y de mayor soporte para la zona lumbar.<\/p>\n<p data-start=\"1003\" data-end=\"1032\"><strong>Dise\u00f1ado para durar m\u00e1s<\/strong><br \/>\nSistema doble lado, que permite una rotaci\u00f3n adecuada del colch\u00f3n para prolongar su vida \u00fatil y evitar deformaciones.<\/p>\n<p data-start=\"1156\" data-end=\"1177\"><strong>Rotaci\u00f3n guiada<\/strong><br \/>\nIncluye etiquetas trimestrales que indican la rotaci\u00f3n correcta, ayudando a conservar la forma y el desempe\u00f1o del colch\u00f3n.<\/p>\n","protected":false},"featured_media":5624,"template":"","meta":[],"product_brand":[],"product_cat":[42],"product_tag":[],"class_list":{"0":"post-5434","1":"product","2":"type-product","3":"status-publish","4":"has-post-thumbnail","6":"product_cat-luxor","8":"first","9":"instock","10":"virtual","11":"product-type-simple"},"_links":{"self":[{"href":"https:\/\/hospitalitydiveco.com\/es\/wp-json\/wp\/v2\/product\/5434","targetHints":{"allow":["GET"]}}],"collection":[{"href":"https:\/\/hospitalitydiveco.com\/es\/wp-json\/wp\/v2\/product"}],"about":[{"href":"https:\/\/hospitalitydiveco.com\/es\/wp-json\/wp\/v2\/types\/product"}],"wp:featuredmedia":[{"embeddable":true,"href":"https:\/\/hospitalitydiveco.com\/es\/wp-json\/wp\/v2\/media\/5624"}],"wp:attachment":[{"href":"https:\/\/hospitalitydiveco.com\/es\/wp-json\/wp\/v2\/media?parent=5434"}],"wp:term":[{"taxonomy":"product_brand","embeddable":true,"href":"https:\/\/hospitalitydiveco.com\/es\/wp-json\/wp\/v2\/product_brand?post=5434"},{"taxonomy":"product_cat","embeddable":true,"href":"https:\/\/hospitalitydiveco.com\/es\/wp-json\/wp\/v2\/product_cat?post=5434"},{"taxonomy":"product_tag","embeddable":true,"href":"https:\/\/hospitalitydiveco.com\/es\/wp-json\/wp\/v2\/product_tag?post=5434"}],"curies":[{"name":"wp","href":"https:\/\/api.w.org\/{rel}","templated":true}]}}