{"id":5431,"date":"2025-12-22T04:57:54","date_gmt":"2025-12-22T04:57:54","guid":{"rendered":"https:\/\/hospitalitydiveco.com\/?post_type=product&#038;p=5431"},"modified":"2026-02-19T03:15:29","modified_gmt":"2026-02-19T03:15:29","slug":"serta-silver-suite","status":"publish","type":"product","link":"https:\/\/hospitalitydiveco.com\/es\/product\/serta-silver-suite\/","title":{"rendered":"Serta Silver Suite"},"content":{"rendered":"<ul>\r\n \t<li data-start=\"1475\" data-end=\"1496\">\r\n<p data-start=\"1477\" data-end=\"1496\"><strong data-start=\"1477\" data-end=\"1488\">Altura:<\/strong> 30 cm<\/p>\r\n<\/li>\r\n \t<li data-start=\"1497\" data-end=\"1536\">\r\n<p data-start=\"1499\" data-end=\"1536\"><strong data-start=\"1499\" data-end=\"1511\">Sistema:<\/strong> Resortaje Back Support<\/p>\r\n<\/li>\r\n \t<li data-start=\"1537\" data-end=\"1600\">\r\n<p data-start=\"1539\" data-end=\"1600\"><strong data-start=\"1539\" data-end=\"1554\">Estructura:<\/strong> Marco perimetral de espuma de alta densidad<\/p>\r\n<\/li>\r\n \t<li data-start=\"1601\" data-end=\"1651\">\r\n<p data-start=\"1603\" data-end=\"1651\"><strong data-start=\"1603\" data-end=\"1615\">Confort:<\/strong> Espuma zonificada + Super Support<\/p>\r\n<\/li>\r\n \t<li data-start=\"1652\" data-end=\"1677\">\r\n<p data-start=\"1654\" data-end=\"1677\"><strong data-start=\"1654\" data-end=\"1662\">Uso:<\/strong> Un solo lado<\/p>\r\n<\/li>\r\n \t<li data-start=\"1678\" data-end=\"1703\">\r\n<p data-start=\"1680\" data-end=\"1703\"><strong data-start=\"1680\" data-end=\"1693\">Garant\u00eda:<\/strong> 10 a\u00f1os<\/p>\r\n<\/li>\r\n<\/ul>","protected":false},"excerpt":{"rendered":"<p data-start=\"620\" data-end=\"652\"><strong>Soporte que cuida tu postura<\/strong><br \/>\nTecnolog\u00eda en resortaje Back Support, dise\u00f1ada para mantener una correcta alineaci\u00f3n corporal y cuidar la postura durante el descanso.<\/p>\n<p data-start=\"793\" data-end=\"826\"><strong>Mayor estabilidad estructural<\/strong><br \/>\nMarco de espumas de alta densidad que refuerza el colch\u00f3n y brinda una base m\u00e1s firme y estable en toda la superficie.<\/p>\n<p data-start=\"951\" data-end=\"987\"><strong>Adaptaci\u00f3n inteligente por zonas<\/strong><br \/>\nEspuma zonificada que se amolda a las curvaturas naturales del cuerpo, proporcionando soporte diferenciado y mayor confort.<\/p>\n<p data-start=\"1117\" data-end=\"1157\"><strong>Confort pensado para descansar mejor<\/strong><br \/>\nEspuma de alta densidad Super Support, que brinda el nivel ideal de confort para un descanso reparador noche tras noche.<\/p>\n<p data-start=\"1284\" data-end=\"1324\"><strong>Rotaci\u00f3n correcta, mayor durabilidad<\/strong><br \/>\nIncluye etiquetas trimestrales que gu\u00edan una adecuada rotaci\u00f3n para prolongar la vida \u00fatil del colch\u00f3n.<\/p>\n","protected":false},"featured_media":5619,"template":"","meta":[],"product_brand":[],"product_cat":[39],"product_tag":[],"class_list":{"0":"post-5431","1":"product","2":"type-product","3":"status-publish","4":"has-post-thumbnail","6":"product_cat-uncategorized","8":"first","9":"instock","10":"virtual","11":"product-type-simple"},"_links":{"self":[{"href":"https:\/\/hospitalitydiveco.com\/es\/wp-json\/wp\/v2\/product\/5431","targetHints":{"allow":["GET"]}}],"collection":[{"href":"https:\/\/hospitalitydiveco.com\/es\/wp-json\/wp\/v2\/product"}],"about":[{"href":"https:\/\/hospitalitydiveco.com\/es\/wp-json\/wp\/v2\/types\/product"}],"wp:featuredmedia":[{"embeddable":true,"href":"https:\/\/hospitalitydiveco.com\/es\/wp-json\/wp\/v2\/media\/5619"}],"wp:attachment":[{"href":"https:\/\/hospitalitydiveco.com\/es\/wp-json\/wp\/v2\/media?parent=5431"}],"wp:term":[{"taxonomy":"product_brand","embeddable":true,"href":"https:\/\/hospitalitydiveco.com\/es\/wp-json\/wp\/v2\/product_brand?post=5431"},{"taxonomy":"product_cat","embeddable":true,"href":"https:\/\/hospitalitydiveco.com\/es\/wp-json\/wp\/v2\/product_cat?post=5431"},{"taxonomy":"product_tag","embeddable":true,"href":"https:\/\/hospitalitydiveco.com\/es\/wp-json\/wp\/v2\/product_tag?post=5431"}],"curies":[{"name":"wp","href":"https:\/\/api.w.org\/{rel}","templated":true}]}}