{"id":5424,"date":"2025-12-22T04:47:57","date_gmt":"2025-12-22T04:47:57","guid":{"rendered":"https:\/\/hospitalitydiveco.com\/?post_type=product&#038;p=5424"},"modified":"2026-02-19T03:15:35","modified_gmt":"2026-02-19T03:15:35","slug":"serta-silver-nf","status":"publish","type":"product","link":"https:\/\/hospitalitydiveco.com\/es\/product\/serta-silver-nf\/","title":{"rendered":"Serta Silver NF"},"content":{"rendered":"<ul>\r\n \t<li data-start=\"1474\" data-end=\"1495\">\r\n<p data-start=\"1476\" data-end=\"1495\"><strong data-start=\"1476\" data-end=\"1487\">Altura:<\/strong> 34 cm<\/p>\r\n<\/li>\r\n \t<li data-start=\"1496\" data-end=\"1536\">\r\n<p data-start=\"1498\" data-end=\"1536\"><strong data-start=\"1498\" data-end=\"1510\">Sistema:<\/strong> Resortes independientes<\/p>\r\n<\/li>\r\n \t<li data-start=\"1537\" data-end=\"1600\">\r\n<p data-start=\"1539\" data-end=\"1600\"><strong data-start=\"1539\" data-end=\"1554\">Estructura:<\/strong> Marco perimetral de espuma de alta densidad<\/p>\r\n<\/li>\r\n \t<li data-start=\"1601\" data-end=\"1663\">\r\n<p data-start=\"1603\" data-end=\"1663\"><strong data-start=\"1603\" data-end=\"1615\">Confort:<\/strong> Espuma zonificada + Sistema Air Sense 5 zonas<\/p>\r\n<\/li>\r\n \t<li data-start=\"1664\" data-end=\"1689\">\r\n<p data-start=\"1666\" data-end=\"1689\"><strong data-start=\"1666\" data-end=\"1674\">Uso:<\/strong> Un solo lado<\/p>\r\n<\/li>\r\n \t<li data-start=\"1690\" data-end=\"1715\">\r\n<p data-start=\"1692\" data-end=\"1715\"><strong data-start=\"1692\" data-end=\"1705\">Garant\u00eda:<\/strong> 10 a\u00f1os<\/p>\r\n<\/li>\r\n<\/ul>","protected":false},"excerpt":{"rendered":"<p data-start=\"607\" data-end=\"641\"><strong>Menos movimiento, m\u00e1s descanso<\/strong><br \/>\nResortes independientes que evitan la transmisi\u00f3n de movimiento y permiten un sue\u00f1o m\u00e1s continuo y sin interrupciones.<\/p>\n<p data-start=\"766\" data-end=\"796\"><strong>Estructura firme y estable<\/strong><br \/>\nMarco de espumas de alta densidad que brinda mayor estabilidad al colch\u00f3n y refuerza su durabilidad.<\/p>\n<p data-start=\"903\" data-end=\"938\"><strong>Soporte que se adapta al cuerpo<\/strong><br \/>\nEspuma zonificada que se amolda a las curvaturas naturales del cuerpo, proporcionando soporte equilibrado en cada zona.<\/p>\n<p data-start=\"1064\" data-end=\"1095\"><strong>Frescura y confort continuo<\/strong><br \/>\nEspumas de alta densidad con sistema Air Sense de 5 zonas, dise\u00f1adas con relieves que permiten el paso del aire, ayudan a mantener el colch\u00f3n fresco y mejoran la adaptaci\u00f3n al cuerpo.<\/p>\n<p data-start=\"1285\" data-end=\"1323\"><strong>Rotaci\u00f3n correcta, mayor vida \u00fatil<\/strong><br \/>\nIncluye etiquetas trimestrales que gu\u00edan una adecuada rotaci\u00f3n para conservar el desempe\u00f1o del colch\u00f3n.<\/p>\n","protected":false},"featured_media":5425,"template":"","meta":[],"product_brand":[],"product_cat":[39],"product_tag":[],"class_list":{"0":"post-5424","1":"product","2":"type-product","3":"status-publish","4":"has-post-thumbnail","6":"product_cat-uncategorized","8":"first","9":"instock","10":"virtual","11":"product-type-simple"},"_links":{"self":[{"href":"https:\/\/hospitalitydiveco.com\/es\/wp-json\/wp\/v2\/product\/5424","targetHints":{"allow":["GET"]}}],"collection":[{"href":"https:\/\/hospitalitydiveco.com\/es\/wp-json\/wp\/v2\/product"}],"about":[{"href":"https:\/\/hospitalitydiveco.com\/es\/wp-json\/wp\/v2\/types\/product"}],"wp:featuredmedia":[{"embeddable":true,"href":"https:\/\/hospitalitydiveco.com\/es\/wp-json\/wp\/v2\/media\/5425"}],"wp:attachment":[{"href":"https:\/\/hospitalitydiveco.com\/es\/wp-json\/wp\/v2\/media?parent=5424"}],"wp:term":[{"taxonomy":"product_brand","embeddable":true,"href":"https:\/\/hospitalitydiveco.com\/es\/wp-json\/wp\/v2\/product_brand?post=5424"},{"taxonomy":"product_cat","embeddable":true,"href":"https:\/\/hospitalitydiveco.com\/es\/wp-json\/wp\/v2\/product_cat?post=5424"},{"taxonomy":"product_tag","embeddable":true,"href":"https:\/\/hospitalitydiveco.com\/es\/wp-json\/wp\/v2\/product_tag?post=5424"}],"curies":[{"name":"wp","href":"https:\/\/api.w.org\/{rel}","templated":true}]}}