{"id":5415,"date":"2025-12-22T04:27:16","date_gmt":"2025-12-22T04:27:16","guid":{"rendered":"https:\/\/hospitalitydiveco.com\/?post_type=product&#038;p=5415"},"modified":"2026-02-19T03:15:41","modified_gmt":"2026-02-19T03:15:41","slug":"serta-gold-suite","status":"publish","type":"product","link":"https:\/\/hospitalitydiveco.com\/es\/product\/serta-gold-suite\/","title":{"rendered":"Serta Gold Suite"},"content":{"rendered":"<ul>\r\n \t<li data-start=\"1576\" data-end=\"1597\">\r\n<p data-start=\"1578\" data-end=\"1597\"><strong data-start=\"1578\" data-end=\"1589\">Altura:<\/strong> 48 cm<\/p>\r\n<\/li>\r\n \t<li data-start=\"1598\" data-end=\"1638\">\r\n<p data-start=\"1600\" data-end=\"1638\"><strong data-start=\"1600\" data-end=\"1612\">Sistema:<\/strong> Resortes independientes<\/p>\r\n<\/li>\r\n \t<li data-start=\"1639\" data-end=\"1702\">\r\n<p data-start=\"1641\" data-end=\"1702\"><strong data-start=\"1641\" data-end=\"1656\">Estructura:<\/strong> Marco perimetral de espuma de alta densidad<\/p>\r\n<\/li>\r\n \t<li data-start=\"1703\" data-end=\"1753\">\r\n<p data-start=\"1705\" data-end=\"1753\"><strong data-start=\"1705\" data-end=\"1717\">Confort:<\/strong> Espuma zonificada + Super Support<\/p>\r\n<\/li>\r\n \t<li data-start=\"1754\" data-end=\"1777\">\r\n<p data-start=\"1756\" data-end=\"1777\"><strong data-start=\"1756\" data-end=\"1764\">Uso:<\/strong> Doble lado<\/p>\r\n<\/li>\r\n \t<li data-start=\"1778\" data-end=\"1803\">\r\n<p data-start=\"1780\" data-end=\"1803\"><strong data-start=\"1780\" data-end=\"1793\">Garant\u00eda:<\/strong> 10 a\u00f1os<\/p>\r\n<\/li>\r\n<\/ul>","protected":false},"excerpt":{"rendered":"<p data-start=\"638\" data-end=\"686\"><strong>Movimiento controlado para un mejor descanso<\/strong><br \/>\nResortes independientes que evitan la transmisi\u00f3n de movimiento y permiten un sue\u00f1o continuo y sin interrupciones.<\/p>\n<p data-start=\"807\" data-end=\"843\"><strong>Estabilidad estructural superior<br \/>\n<\/strong>Marco de espumas de alta densidad que refuerza los bordes del colch\u00f3n y aporta mayor estabilidad en toda la superficie.<\/p>\n<p data-start=\"969\" data-end=\"993\"><strong>Adaptaci\u00f3n por zonas<br \/>\n<\/strong>Espuma zonificada que se amolda a las curvaturas naturales del cuerpo, proporcionando soporte diferenciado y mayor confort.<\/p>\n<p data-start=\"1123\" data-end=\"1157\"><strong>Confort ideal noche tras noche<br \/>\n<\/strong>Espuma de alta densidad Super Support, dise\u00f1ada para brindar una sensaci\u00f3n de descanso reparador y soporte constante.<\/p>\n<p data-start=\"1281\" data-end=\"1307\"><strong>Pensado para durar m\u00e1s<br \/>\n<\/strong>Sistema doble lado, ideal para rotaci\u00f3n peri\u00f3dica y para prolongar la vida \u00fatil del colch\u00f3n.<\/p>\n<p data-start=\"1406\" data-end=\"1425\"><strong>Rotaci\u00f3n guiada<br \/>\n<\/strong>Incluye etiquetas trimestrales que indican la rotaci\u00f3n correcta para mantener el desempe\u00f1o del colch\u00f3n.<\/p>\n","protected":false},"featured_media":5416,"template":"","meta":[],"product_brand":[],"product_cat":[41],"product_tag":[],"class_list":{"0":"post-5415","1":"product","2":"type-product","3":"status-publish","4":"has-post-thumbnail","6":"product_cat-serta","8":"first","9":"instock","10":"virtual","11":"product-type-simple"},"_links":{"self":[{"href":"https:\/\/hospitalitydiveco.com\/es\/wp-json\/wp\/v2\/product\/5415","targetHints":{"allow":["GET"]}}],"collection":[{"href":"https:\/\/hospitalitydiveco.com\/es\/wp-json\/wp\/v2\/product"}],"about":[{"href":"https:\/\/hospitalitydiveco.com\/es\/wp-json\/wp\/v2\/types\/product"}],"wp:featuredmedia":[{"embeddable":true,"href":"https:\/\/hospitalitydiveco.com\/es\/wp-json\/wp\/v2\/media\/5416"}],"wp:attachment":[{"href":"https:\/\/hospitalitydiveco.com\/es\/wp-json\/wp\/v2\/media?parent=5415"}],"wp:term":[{"taxonomy":"product_brand","embeddable":true,"href":"https:\/\/hospitalitydiveco.com\/es\/wp-json\/wp\/v2\/product_brand?post=5415"},{"taxonomy":"product_cat","embeddable":true,"href":"https:\/\/hospitalitydiveco.com\/es\/wp-json\/wp\/v2\/product_cat?post=5415"},{"taxonomy":"product_tag","embeddable":true,"href":"https:\/\/hospitalitydiveco.com\/es\/wp-json\/wp\/v2\/product_tag?post=5415"}],"curies":[{"name":"wp","href":"https:\/\/api.w.org\/{rel}","templated":true}]}}