{"id":5405,"date":"2025-12-22T03:34:22","date_gmt":"2025-12-22T03:34:22","guid":{"rendered":"https:\/\/hospitalitydiveco.com\/?post_type=product&#038;p=5405"},"modified":"2026-02-19T03:15:49","modified_gmt":"2026-02-19T03:15:49","slug":"serta-diamond-suite","status":"publish","type":"product","link":"https:\/\/hospitalitydiveco.com\/es\/product\/serta-diamond-suite\/","title":{"rendered":"Serta Diamond Suite"},"content":{"rendered":"<ul>\r\n \t<li data-start=\"1704\" data-end=\"1725\">\r\n<p data-start=\"1706\" data-end=\"1725\"><strong data-start=\"1706\" data-end=\"1717\">Altura:<\/strong> 40 cm<\/p>\r\n<\/li>\r\n \t<li data-start=\"1726\" data-end=\"1766\">\r\n<p data-start=\"1728\" data-end=\"1766\"><strong data-start=\"1728\" data-end=\"1740\">Sistema:<\/strong> Resortes independientes<\/p>\r\n<\/li>\r\n \t<li data-start=\"1767\" data-end=\"1830\">\r\n<p data-start=\"1769\" data-end=\"1830\"><strong data-start=\"1769\" data-end=\"1784\">Estructura:<\/strong> Marco perimetral de espuma de alta densidad<\/p>\r\n<\/li>\r\n \t<li data-start=\"1831\" data-end=\"1865\">\r\n<p data-start=\"1833\" data-end=\"1865\"><strong data-start=\"1833\" data-end=\"1845\">Confort:<\/strong> Espuma zonificada<\/p>\r\n<\/li>\r\n \t<li data-start=\"1866\" data-end=\"1889\">\r\n<p data-start=\"1868\" data-end=\"1889\"><strong data-start=\"1868\" data-end=\"1876\">Uso:<\/strong> Doble lado<\/p>\r\n<\/li>\r\n \t<li data-start=\"1890\" data-end=\"1915\">\r\n<p data-start=\"1892\" data-end=\"1915\"><strong data-start=\"1892\" data-end=\"1905\">Garant\u00eda:<\/strong> 10 a\u00f1os<\/p>\r\n<\/li>\r\n<\/ul>","protected":false},"excerpt":{"rendered":"<p><strong>Mayor comodidad, menos movimiento<br \/>\n<\/strong>Sistema de resortes independientes que minimiza la transmisi\u00f3n de movimiento, ofreciendo un descanso m\u00e1s profundo y sin interrupciones.<\/p>\n<p data-start=\"1067\" data-end=\"1096\"><strong>Estabilidad que se siente<\/strong><br \/>\nMarco perimetral de espumas de alta densidad que refuerza la estructura del colch\u00f3n y mejora la estabilidad en toda la superficie.<\/p>\n<p data-start=\"1233\" data-end=\"1266\"><strong>Soporte inteligente por zonas<\/strong><br \/>\nEspuma zonificada que se adapta a las curvas naturales del cuerpo, brindando soporte donde se necesita y mayor confort en puntos de presi\u00f3n.<\/p>\n<p data-start=\"1413\" data-end=\"1433\"><strong>Hecho para durar<\/strong><br \/>\nSistema de doble lado que permite rotaci\u00f3n peri\u00f3dica y ayuda a prolongar la vida \u00fatil del colch\u00f3n.<\/p>\n<p data-start=\"1538\" data-end=\"1557\"><strong>Rotaci\u00f3n guiada<\/strong><br \/>\nIncluye etiquetas trimestrales que indican cu\u00e1ndo y c\u00f3mo rotar el colch\u00f3n para un desempe\u00f1o \u00f3ptimo.<\/p>\n","protected":false},"featured_media":5407,"template":"","meta":[],"product_brand":[],"product_cat":[41],"product_tag":[],"class_list":{"0":"post-5405","1":"product","2":"type-product","3":"status-publish","4":"has-post-thumbnail","6":"product_cat-serta","8":"first","9":"instock","10":"virtual","11":"product-type-simple"},"_links":{"self":[{"href":"https:\/\/hospitalitydiveco.com\/es\/wp-json\/wp\/v2\/product\/5405","targetHints":{"allow":["GET"]}}],"collection":[{"href":"https:\/\/hospitalitydiveco.com\/es\/wp-json\/wp\/v2\/product"}],"about":[{"href":"https:\/\/hospitalitydiveco.com\/es\/wp-json\/wp\/v2\/types\/product"}],"wp:featuredmedia":[{"embeddable":true,"href":"https:\/\/hospitalitydiveco.com\/es\/wp-json\/wp\/v2\/media\/5407"}],"wp:attachment":[{"href":"https:\/\/hospitalitydiveco.com\/es\/wp-json\/wp\/v2\/media?parent=5405"}],"wp:term":[{"taxonomy":"product_brand","embeddable":true,"href":"https:\/\/hospitalitydiveco.com\/es\/wp-json\/wp\/v2\/product_brand?post=5405"},{"taxonomy":"product_cat","embeddable":true,"href":"https:\/\/hospitalitydiveco.com\/es\/wp-json\/wp\/v2\/product_cat?post=5405"},{"taxonomy":"product_tag","embeddable":true,"href":"https:\/\/hospitalitydiveco.com\/es\/wp-json\/wp\/v2\/product_tag?post=5405"}],"curies":[{"name":"wp","href":"https:\/\/api.w.org\/{rel}","templated":true}]}}