{"id":5450,"date":"2025-12-22T05:07:20","date_gmt":"2025-12-22T05:07:20","guid":{"rendered":"https:\/\/hospitalitydiveco.com\/?post_type=product&#038;p=5450"},"modified":"2026-02-19T03:13:32","modified_gmt":"2026-02-19T03:13:32","slug":"marcos-metalicos","status":"publish","type":"product","link":"https:\/\/hospitalitydiveco.com\/en_us\/product\/marcos-metalicos\/","title":{"rendered":"Marcos met\u00e1licos &#8211; Serta"},"content":{"rendered":"<strong>Art\u00edculos con deslizamiento<\/strong>\r\n<ul data-start=\"1358\" data-end=\"1618\">\r\n \t<li data-start=\"1358\" data-end=\"1393\"><strong data-start=\"1360\" data-end=\"1370\">4034BG<\/strong> \u2013 Twin \/ XL, 4 patas<\/li>\r\n \t<li data-start=\"1394\" data-end=\"1431\"><strong data-start=\"1396\" data-end=\"1408\">H-4045BG<\/strong> \u2013 Full \/ XL, 5 patas<\/li>\r\n \t<li data-start=\"1432\" data-end=\"1492\"><strong data-start=\"1434\" data-end=\"1446\">H-4056BG<\/strong> \u2013 Queen, 6 patas, con doble soporte central<\/li>\r\n \t<li data-start=\"1493\" data-end=\"1558\"><strong data-start=\"1495\" data-end=\"1507\">H-4066BG<\/strong> \u2013 Hotel King, 6 patas, con doble soporte central<\/li>\r\n \t<li data-start=\"1559\" data-end=\"1618\"><strong data-start=\"1561\" data-end=\"1573\">H-4166BG<\/strong> \u2013 King, 6 patas, con doble soporte central<\/li>\r\n<\/ul>","protected":false},"excerpt":{"rendered":"<p>Marco met\u00e1lico tipo Hollywood dise\u00f1ado para <strong data-start=\"366\" data-end=\"406\">uso intensivo y est\u00e1ndar Hospitality<\/strong>, que ofrece <strong data-start=\"419\" data-end=\"450\">fuerza estructural superior<\/strong>, f\u00e1cil montaje sin herramientas y un sistema de soporte confiable para colchones de diferentes tama\u00f1os. Fabricado en acero de alta resistencia, es una soluci\u00f3n duradera y funcional.<\/p>\n<p data-start=\"639\" data-end=\"660\"><strong>Fuerza inigualable<\/strong><\/p>\n<ul data-start=\"661\" data-end=\"831\">\n<li data-start=\"661\" data-end=\"696\">Apoyo de nivel Hospitality.<\/li>\n<li data-start=\"697\" data-end=\"763\">Dise\u00f1o de pata con bloqueo de cu\u00f1a para mayor estabilidad.<\/li>\n<li data-start=\"764\" data-end=\"831\">Deslizadores de v\u00e1stago de acero que refuerzan la estructura.<\/li>\n<\/ul>\n<p data-start=\"838\" data-end=\"854\"><strong>F\u00e1cil montaje<\/strong><\/p>\n<ul data-start=\"855\" data-end=\"1050\">\n<li data-start=\"855\" data-end=\"886\">Montaje sin cerraduras.<\/li>\n<li data-start=\"887\" data-end=\"939\">No requiere tuercas, pernos ni herramientas.<\/li>\n<li data-start=\"940\" data-end=\"1050\">Barandillas laterales extendidas de 1\u00bd\u201d x 1\u00bd\u201d, que proporcionan apoyo adicional en entornos Hospitality.<\/li>\n<\/ul>\n<p data-start=\"1057\" data-end=\"1082\"><strong>Beneficios adicionales<\/strong><\/p>\n<ul data-start=\"1083\" data-end=\"1261\">\n<li data-start=\"1083\" data-end=\"1161\">Barandillas laterales XL de 75\u201d para tama\u00f1os Queen, Hotel King y King.<\/li>\n<li data-start=\"1162\" data-end=\"1224\">Doble \u00e1ngulo centralizado en Queen, Hotel King y King.<\/li>\n<li data-start=\"1225\" data-end=\"1261\">Garant\u00eda limitada de por vida.<\/li>\n<\/ul>","protected":false},"featured_media":5650,"template":"","meta":[],"product_brand":[],"product_cat":[39],"product_tag":[],"class_list":{"0":"post-5450","1":"product","2":"type-product","3":"status-publish","4":"has-post-thumbnail","6":"product_cat-uncategorized","8":"first","9":"instock","10":"virtual","11":"product-type-simple"},"_links":{"self":[{"href":"https:\/\/hospitalitydiveco.com\/en_us\/wp-json\/wp\/v2\/product\/5450","targetHints":{"allow":["GET"]}}],"collection":[{"href":"https:\/\/hospitalitydiveco.com\/en_us\/wp-json\/wp\/v2\/product"}],"about":[{"href":"https:\/\/hospitalitydiveco.com\/en_us\/wp-json\/wp\/v2\/types\/product"}],"wp:featuredmedia":[{"embeddable":true,"href":"https:\/\/hospitalitydiveco.com\/en_us\/wp-json\/wp\/v2\/media\/5650"}],"wp:attachment":[{"href":"https:\/\/hospitalitydiveco.com\/en_us\/wp-json\/wp\/v2\/media?parent=5450"}],"wp:term":[{"taxonomy":"product_brand","embeddable":true,"href":"https:\/\/hospitalitydiveco.com\/en_us\/wp-json\/wp\/v2\/product_brand?post=5450"},{"taxonomy":"product_cat","embeddable":true,"href":"https:\/\/hospitalitydiveco.com\/en_us\/wp-json\/wp\/v2\/product_cat?post=5450"},{"taxonomy":"product_tag","embeddable":true,"href":"https:\/\/hospitalitydiveco.com\/en_us\/wp-json\/wp\/v2\/product_tag?post=5450"}],"curies":[{"name":"wp","href":"https:\/\/api.w.org\/{rel}","templated":true}]}}