{"id":5444,"date":"2025-12-22T05:03:57","date_gmt":"2025-12-22T05:03:57","guid":{"rendered":"https:\/\/hospitalitydiveco.com\/?post_type=product&#038;p=5444"},"modified":"2026-02-19T03:14:14","modified_gmt":"2026-02-19T03:14:14","slug":"fundas-luxury-gusset-pillow","status":"publish","type":"product","link":"https:\/\/hospitalitydiveco.com\/en_us\/product\/fundas-luxury-gusset-pillow\/","title":{"rendered":"Fundas Luxury Gusset Pillow"},"content":{"rendered":"<strong data-start=\"1339\" data-end=\"1363\">Medidas disponibles:<\/strong>\r\n<ul>\r\n \t<li data-start=\"1184\" data-end=\"1209\"><strong data-start=\"1184\" data-end=\"1194\">Funda:<\/strong> 100% algod\u00f3n\r\n<strong data-start=\"1212\" data-end=\"1224\"><\/strong><\/li>\r\n \t<li data-start=\"1184\" data-end=\"1209\"><strong data-start=\"1212\" data-end=\"1224\">Relleno:<\/strong> Poli\u00e9ster High Resilience\r\n<strong data-start=\"1255\" data-end=\"1270\"><\/strong><\/li>\r\n \t<li data-start=\"1184\" data-end=\"1209\"><strong data-start=\"1255\" data-end=\"1270\">Tecnolog\u00eda:<\/strong> Cooling\r\n<strong data-start=\"1283\" data-end=\"1295\"><\/strong><\/li>\r\n \t<li data-start=\"1184\" data-end=\"1209\"><strong data-start=\"1283\" data-end=\"1295\">Confort:<\/strong> Medio\r\n<strong data-start=\"1306\" data-end=\"1314\"><\/strong><\/li>\r\n \t<li data-start=\"1184\" data-end=\"1209\"><strong data-start=\"1306\" data-end=\"1314\">Uso:<\/strong> Diario \/ Hospitality<\/li>\r\n<\/ul>\r\n<p data-start=\"1339\" data-end=\"1365\"><strong data-start=\"1339\" data-end=\"1363\">Medidas disponibles:<\/strong><\/p>\r\n\r\n<ul>\r\n \t<li data-start=\"1368\" data-end=\"1390\"><strong>Est\u00e1ndar:<\/strong> 51 x 66 cm<\/li>\r\n \t<li data-start=\"1368\" data-end=\"1390\"><strong>Queen:<\/strong> 51 x 76 cm<\/li>\r\n<\/ul>\r\n<p data-start=\"1339\" data-end=\"1365\"><strong data-start=\"1339\" data-end=\"1363\">Peso de relleno:<\/strong><\/p>\r\n\r\n<ul>\r\n \t<li data-start=\"1368\" data-end=\"1390\"><strong>Est\u00e1ndar:<\/strong> 700g<\/li>\r\n \t<li data-start=\"1368\" data-end=\"1390\"><strong>Queen:<\/strong> 800g<\/li>\r\n<\/ul>","protected":false},"excerpt":{"rendered":"<p data-start=\"207\" data-end=\"240\"><strong>Confort premium al contacto<\/strong><br \/>\nFunda 100% algod\u00f3n de 233 hilos (TC), suave, resistente y agradable al tacto, que aporta una sensaci\u00f3n de descanso superior desde el primer contacto.<\/p>\n<p data-start=\"396\" data-end=\"431\"><strong>Soporte que mantiene su forma<\/strong><br \/>\nRelleno de poli\u00e9ster 100% High Resilience, dise\u00f1ado para ofrecer mayor volumen, soporte consistente y una excelente recuperaci\u00f3n, incluso con uso continuo.<\/p>\n<p data-start=\"593\" data-end=\"638\"><strong>Dise\u00f1o estructurado para mejor descanso<\/strong><br \/>\nConstrucci\u00f3n Gusset, que ayuda a mantener la forma de la almohada, mejora la distribuci\u00f3n del relleno y brinda un soporte m\u00e1s uniforme durante la noche.<\/p>","protected":false},"featured_media":5631,"template":"","meta":[],"product_brand":[],"product_cat":[43],"product_tag":[],"class_list":{"0":"post-5444","1":"product","2":"type-product","3":"status-publish","4":"has-post-thumbnail","6":"product_cat-hospitality","8":"first","9":"instock","10":"virtual","11":"product-type-simple"},"_links":{"self":[{"href":"https:\/\/hospitalitydiveco.com\/en_us\/wp-json\/wp\/v2\/product\/5444","targetHints":{"allow":["GET"]}}],"collection":[{"href":"https:\/\/hospitalitydiveco.com\/en_us\/wp-json\/wp\/v2\/product"}],"about":[{"href":"https:\/\/hospitalitydiveco.com\/en_us\/wp-json\/wp\/v2\/types\/product"}],"wp:featuredmedia":[{"embeddable":true,"href":"https:\/\/hospitalitydiveco.com\/en_us\/wp-json\/wp\/v2\/media\/5631"}],"wp:attachment":[{"href":"https:\/\/hospitalitydiveco.com\/en_us\/wp-json\/wp\/v2\/media?parent=5444"}],"wp:term":[{"taxonomy":"product_brand","embeddable":true,"href":"https:\/\/hospitalitydiveco.com\/en_us\/wp-json\/wp\/v2\/product_brand?post=5444"},{"taxonomy":"product_cat","embeddable":true,"href":"https:\/\/hospitalitydiveco.com\/en_us\/wp-json\/wp\/v2\/product_cat?post=5444"},{"taxonomy":"product_tag","embeddable":true,"href":"https:\/\/hospitalitydiveco.com\/en_us\/wp-json\/wp\/v2\/product_tag?post=5444"}],"curies":[{"name":"wp","href":"https:\/\/api.w.org\/{rel}","templated":true}]}}