{"id":5435,"date":"2025-12-22T04:59:40","date_gmt":"2025-12-22T04:59:40","guid":{"rendered":"https:\/\/hospitalitydiveco.com\/?post_type=product&#038;p=5435"},"modified":"2026-02-19T03:14:58","modified_gmt":"2026-02-19T03:14:58","slug":"luxor-firme","status":"publish","type":"product","link":"https:\/\/hospitalitydiveco.com\/en_us\/product\/luxor-firme\/","title":{"rendered":"Luxor Firme"},"content":{"rendered":"<ul>\r\n \t<li data-start=\"1300\" data-end=\"1321\">\r\n<p data-start=\"1302\" data-end=\"1321\"><strong data-start=\"1302\" data-end=\"1313\">Altura:<\/strong> 20 cm<\/p>\r\n<\/li>\r\n \t<li data-start=\"1322\" data-end=\"1363\">\r\n<p data-start=\"1324\" data-end=\"1363\"><strong data-start=\"1324\" data-end=\"1336\">Sistema:<\/strong> Espumas de alta densidad<\/p>\r\n<\/li>\r\n \t<li data-start=\"1364\" data-end=\"1418\">\r\n<p data-start=\"1366\" data-end=\"1418\"><strong data-start=\"1366\" data-end=\"1381\">Estructura:<\/strong> Espuma compactada de alta densidad<\/p>\r\n<\/li>\r\n \t<li data-start=\"1419\" data-end=\"1441\">\r\n<p data-start=\"1421\" data-end=\"1441\"><strong data-start=\"1421\" data-end=\"1433\">Confort:<\/strong> Firme<\/p>\r\n<\/li>\r\n \t<li data-start=\"1442\" data-end=\"1465\">\r\n<p data-start=\"1444\" data-end=\"1465\"><strong data-start=\"1444\" data-end=\"1452\">Uso:<\/strong> Doble lado<\/p>\r\n<\/li>\r\n \t<li data-start=\"1466\" data-end=\"1490\">\r\n<p data-start=\"1468\" data-end=\"1490\"><strong data-start=\"1468\" data-end=\"1481\">Garant\u00eda:<\/strong> 3 a\u00f1os<\/p>\r\n<\/li>\r\n<\/ul>","protected":false},"excerpt":{"rendered":"<p data-start=\"604\" data-end=\"636\"><strong>Dise\u00f1ado para alto tr\u00e1fico<\/strong><br \/>\nColchoneta de espumas de alta densidad, desarrollada para resistir uso exigente y minimizar da\u00f1os por deformaci\u00f3n, ideal para entornos de alta rotaci\u00f3n.<\/p>\n<p data-start=\"795\" data-end=\"831\"><strong>Firmeza que protege la espalda<\/strong><br \/>\nEspuma compactada de alta densidad Super Support, que brinda soporte firme y protecci\u00f3n lumbar para un descanso estable.<\/p>\n<p data-start=\"958\" data-end=\"979\"><strong>Mayor vida \u00fatil<\/strong><br \/>\nSistema doble lado, que permite una rotaci\u00f3n adecuada para prolongar la durabilidad del colch\u00f3n y evitar deformaciones prematuras.<\/p>\n<p data-start=\"1116\" data-end=\"1137\"><strong>Rotaci\u00f3n guiada<\/strong><br \/>\nIncluye etiquetas trimestrales que indican la rotaci\u00f3n correcta para conservar la forma y el desempe\u00f1o del colch\u00f3n.<\/p>","protected":false},"featured_media":5625,"template":"","meta":[],"product_brand":[],"product_cat":[42],"product_tag":[],"class_list":{"0":"post-5435","1":"product","2":"type-product","3":"status-publish","4":"has-post-thumbnail","6":"product_cat-luxor","8":"first","9":"instock","10":"virtual","11":"product-type-simple"},"_links":{"self":[{"href":"https:\/\/hospitalitydiveco.com\/en_us\/wp-json\/wp\/v2\/product\/5435","targetHints":{"allow":["GET"]}}],"collection":[{"href":"https:\/\/hospitalitydiveco.com\/en_us\/wp-json\/wp\/v2\/product"}],"about":[{"href":"https:\/\/hospitalitydiveco.com\/en_us\/wp-json\/wp\/v2\/types\/product"}],"wp:featuredmedia":[{"embeddable":true,"href":"https:\/\/hospitalitydiveco.com\/en_us\/wp-json\/wp\/v2\/media\/5625"}],"wp:attachment":[{"href":"https:\/\/hospitalitydiveco.com\/en_us\/wp-json\/wp\/v2\/media?parent=5435"}],"wp:term":[{"taxonomy":"product_brand","embeddable":true,"href":"https:\/\/hospitalitydiveco.com\/en_us\/wp-json\/wp\/v2\/product_brand?post=5435"},{"taxonomy":"product_cat","embeddable":true,"href":"https:\/\/hospitalitydiveco.com\/en_us\/wp-json\/wp\/v2\/product_cat?post=5435"},{"taxonomy":"product_tag","embeddable":true,"href":"https:\/\/hospitalitydiveco.com\/en_us\/wp-json\/wp\/v2\/product_tag?post=5435"}],"curies":[{"name":"wp","href":"https:\/\/api.w.org\/{rel}","templated":true}]}}