{"id":5432,"date":"2025-12-22T04:58:40","date_gmt":"2025-12-22T04:58:40","guid":{"rendered":"https:\/\/hospitalitydiveco.com\/?post_type=product&#038;p=5432"},"modified":"2026-02-19T03:15:20","modified_gmt":"2026-02-19T03:15:20","slug":"luxor-confort","status":"publish","type":"product","link":"https:\/\/hospitalitydiveco.com\/en_us\/product\/luxor-confort\/","title":{"rendered":"Luxor Confort"},"content":{"rendered":"<ul>\r\n \t<li data-start=\"1530\" data-end=\"1551\">\r\n<p data-start=\"1532\" data-end=\"1551\"><strong data-start=\"1532\" data-end=\"1543\">Altura:<\/strong> 30 cm<\/p>\r\n<\/li>\r\n \t<li data-start=\"1552\" data-end=\"1591\">\r\n<p data-start=\"1554\" data-end=\"1591\"><strong data-start=\"1554\" data-end=\"1566\">Sistema:<\/strong> Resortaje Back Support<\/p>\r\n<\/li>\r\n \t<li data-start=\"1592\" data-end=\"1658\">\r\n<p data-start=\"1594\" data-end=\"1658\"><strong data-start=\"1594\" data-end=\"1609\">Estructura:<\/strong> Refuerzo perimetral de espuma de alta densidad<\/p>\r\n<\/li>\r\n \t<li data-start=\"1659\" data-end=\"1728\">\r\n<p data-start=\"1661\" data-end=\"1728\"><strong data-start=\"1661\" data-end=\"1673\">Confort:<\/strong> Espumas de alta densidad + Sistema Air Sense 5 zonas<\/p>\r\n<\/li>\r\n \t<li data-start=\"1729\" data-end=\"1752\">\r\n<p data-start=\"1731\" data-end=\"1752\"><strong data-start=\"1731\" data-end=\"1739\">Uso:<\/strong> Doble lado<\/p>\r\n<\/li>\r\n \t<li data-start=\"1753\" data-end=\"1777\">\r\n<p data-start=\"1755\" data-end=\"1777\"><strong data-start=\"1755\" data-end=\"1768\">Garant\u00eda:<\/strong> 8 a\u00f1os<\/p>\r\n<\/li>\r\n<\/ul>","protected":false},"excerpt":{"rendered":"<p><strong>Soporte que cuida tu postura<\/strong><br \/>\nTecnolog\u00eda en resortaje Back Support, dise\u00f1ada para mantener la correcta alineaci\u00f3n del cuerpo y brindar estabilidad durante el descanso.<\/p>\n<p><strong>Frescura y adaptaci\u00f3n inteligente<\/strong><br \/>\nEspumas de alta densidad con sistema Air Sense de 5 zonas, con relieves que permiten el paso del aire, ayudan a mantener el colch\u00f3n fresco y se adaptan a las curvaturas del cuerpo.<\/p>\n<p><strong>Estructura reforzada y mayor durabilidad<\/strong><br \/>\nRefuerzo perimetral con espuma de alta densidad, que aporta estabilidad en los bordes y ayuda a prolongar la vida \u00fatil del colch\u00f3n.<\/p>\n<p><strong>Dise\u00f1ado para durar m\u00e1s tiempo<\/strong><br \/>\nSistema doble lado, que permite una rotaci\u00f3n adecuada para evitar deformaciones y extender la durabilidad del colch\u00f3n.<\/p>\n<p><strong>Rotaci\u00f3n guiada<\/strong><br \/>\nIncluye etiquetas trimestrales que indican la rotaci\u00f3n correcta para conservar el desempe\u00f1o y la forma del colch\u00f3n.<\/p>","protected":false},"featured_media":5621,"template":"","meta":[],"product_brand":[],"product_cat":[39],"product_tag":[],"class_list":{"0":"post-5432","1":"product","2":"type-product","3":"status-publish","4":"has-post-thumbnail","6":"product_cat-uncategorized","8":"first","9":"instock","10":"virtual","11":"product-type-simple"},"_links":{"self":[{"href":"https:\/\/hospitalitydiveco.com\/en_us\/wp-json\/wp\/v2\/product\/5432","targetHints":{"allow":["GET"]}}],"collection":[{"href":"https:\/\/hospitalitydiveco.com\/en_us\/wp-json\/wp\/v2\/product"}],"about":[{"href":"https:\/\/hospitalitydiveco.com\/en_us\/wp-json\/wp\/v2\/types\/product"}],"wp:featuredmedia":[{"embeddable":true,"href":"https:\/\/hospitalitydiveco.com\/en_us\/wp-json\/wp\/v2\/media\/5621"}],"wp:attachment":[{"href":"https:\/\/hospitalitydiveco.com\/en_us\/wp-json\/wp\/v2\/media?parent=5432"}],"wp:term":[{"taxonomy":"product_brand","embeddable":true,"href":"https:\/\/hospitalitydiveco.com\/en_us\/wp-json\/wp\/v2\/product_brand?post=5432"},{"taxonomy":"product_cat","embeddable":true,"href":"https:\/\/hospitalitydiveco.com\/en_us\/wp-json\/wp\/v2\/product_cat?post=5432"},{"taxonomy":"product_tag","embeddable":true,"href":"https:\/\/hospitalitydiveco.com\/en_us\/wp-json\/wp\/v2\/product_tag?post=5432"}],"curies":[{"name":"wp","href":"https:\/\/api.w.org\/{rel}","templated":true}]}}